{"id":5279,"date":"2019-07-15T16:42:04","date_gmt":"2019-07-15T16:42:04","guid":{"rendered":"https:\/\/www.fetteretterem.hu\/?page_id=5279"},"modified":"2019-07-31T15:53:23","modified_gmt":"2019-07-31T15:53:23","slug":"rolunk","status":"publish","type":"page","link":"https:\/\/www.fetteretterem.hu\/?page_id=5279","title":{"rendered":"R\u00f3lunk"},"content":{"rendered":"<p>[vc_row full_width=&#8221;stretch_row&#8221; css=&#8221;.vc_custom_1563209712661{border-top-width: 1px !important;border-bottom-width: 1px !important;padding-top: 25px !important;padding-bottom: 0px !important;background-image: url(https:\/\/www.fetteretterem.hu\/wp-content\/uploads\/2017\/07\/topography.png?id=115) !important;background-position: 0 0 !important;background-repeat: repeat !important;border-top-color: #eeeeee !important;border-top-style: solid !important;border-bottom-color: #eeeeee !important;border-bottom-style: solid !important;}&#8221; el_id=&#8221;menu&#8221; el_class=&#8221;menu-row&#8221;][vc_column css=&#8221;.vc_custom_1504178186798{padding-top: 0px !important;}&#8221;][lab_heading title_tag=&#8221;H1&#8243; title=&#8221;R\u00f3lunk&#8221; el_class=&#8221;restaurant-menu&#8221; css=&#8221;.vc_custom_1563209120095{margin-bottom: -15px !important;}&#8221;][\/lab_heading][vc_single_image image=&#8221;665&#8243; img_size=&#8221;full&#8221; el_class=&#8221;title-divider centered&#8221;][\/vc_column][\/vc_row][vc_row][vc_column][vc_empty_space][\/vc_column][\/vc_row][vc_row][vc_column width=&#8221;1\/2&#8243;][vc_column_text]<strong>Szeretettel v\u00e1rjuk kedves Vend\u00e9geinket Pilisv\u00f6r\u00f6sv\u00e1r k\u00f6zpontj\u00e1ban tal\u00e1lhat\u00f3 \u00e9tterm\u00fcnkben.<\/strong><\/p>\n<p>Vend\u00e9gl\u0151nket n\u00e9hai Fetter Ferenc \u00e9p\u00edttette az 1930-as \u00e9vek v\u00e9g\u00e9n. A megnyit\u00f3ra 1939 nyar\u00e1n ker\u00fclt sor, akkor m\u00e9g Vas\u00fat Cs\u00e1rda n\u00e9ven. A kezdetekben melegkonyh\u00e1val, fahord\u00f3s K\u0151b\u00e1nyai s\u00f6rrel \u00e9s soltvadkerti termel\u0151i borral k\u00edn\u00e1lta vend\u00e9geit. Az \u00e9p\u00fclet homlokzata a mai napig meg\u0151rizte eredeti jellemvon\u00e1sait. Vend\u00e9gl\u0151nket a 90-es \u00e9vekben pr\u00e9sh\u00e1zzal, pinceboroz\u00f3val \u00e9s terasszal, kerthelys\u00e9ggel b\u0151v\u00edtett\u00fck. Ezeken a helysz\u00edneken is v\u00e1llaljuk csal\u00e1di rendezv\u00e9nyek, bankettek, csoportos rendezv\u00e9nyek lebonyol\u00edt\u00e1s\u00e1t.<\/p>\n<p>V\u00e1ltozatos, folyamatosan meg\u00fajul\u00f3 \u00e9tlappal, csapolt s\u00f6rrel, borokkal, sz\u00f6rp\u00f6kkel v\u00e1rjuk kedves Vend\u00e9geinket. El\u0151zetes egyeztet\u00e9s alapj\u00e1n egyedi ig\u00e9nyeknek megfelel\u0151 \u00e9telek elk\u00e9sz\u00edt\u00e9s\u00e9t is v\u00e1llaljuk.[\/vc_column_text][\/vc_column][vc_column width=&#8221;1\/2&#8243;][vc_masonry_media_grid grid_id=&#8221;vc_gid:1563209696341-9e9e74ce-c63f-5&#8243; include=&#8221;5293,5294,5286,5287,5288,5289,5290&#8243;][\/vc_column][\/vc_row][vc_row][vc_column][vc_empty_space][\/vc_column][\/vc_row]<\/p>\n","protected":false},"excerpt":{"rendered":"<p>[vc_row full_width=&#8221;stretch_row&#8221; css=&#8221;.vc_custom_1563209712661{border-top-width: 1px !important;border-bottom-width: 1px !important;padding-top: 25px !important;padding-bottom: 0px !important;background-image: url(https:\/\/www.fetteretterem.hu\/wp-content\/uploads\/2017\/07\/topography.png?id=115) !important;background-position: 0 0 !important;background-repeat: repeat !important;border-top-color: #eeeeee !important;border-top-style: solid !important;border-bottom-color: #eeeeee !important;border-bottom-style: solid !important;}&#8221; el_id=&#8221;menu&#8221; el_class=&#8221;menu-row&#8221;][vc_column css=&#8221;.vc_custom_1504178186798{padding-top: 0px !important;}&#8221;][lab_heading title_tag=&#8221;H1&#8243; title=&#8221;R\u00f3lunk&#8221; el_class=&#8221;restaurant-menu&#8221; css=&#8221;.vc_custom_1563209120095{margin-bottom: -15px !important;}&#8221;][\/lab_heading][vc_single_image image=&#8221;665&#8243; img_size=&#8221;full&#8221; el_class=&#8221;title-divider centered&#8221;][\/vc_column][\/vc_row][vc_row][vc_column][vc_empty_space][\/vc_column][\/vc_row][vc_row][vc_column width=&#8221;1\/2&#8243;][vc_column_text]Szeretettel v\u00e1rjuk kedves Vend\u00e9geinket Pilisv\u00f6r\u00f6sv\u00e1r k\u00f6zpontj\u00e1ban tal\u00e1lhat\u00f3 \u00e9tterm\u00fcnkben. Vend\u00e9gl\u0151nket n\u00e9hai Fetter Ferenc \u00e9p\u00edttette az&hellip;<\/p>\n","protected":false},"author":1,"featured_media":0,"parent":0,"menu_order":0,"comment_status":"closed","ping_status":"closed","template":"","meta":{"footnotes":""},"class_list":["post-5279","page","type-page","status-publish","hentry"],"_links":{"self":[{"href":"https:\/\/www.fetteretterem.hu\/index.php?rest_route=\/wp\/v2\/pages\/5279","targetHints":{"allow":["GET"]}}],"collection":[{"href":"https:\/\/www.fetteretterem.hu\/index.php?rest_route=\/wp\/v2\/pages"}],"about":[{"href":"https:\/\/www.fetteretterem.hu\/index.php?rest_route=\/wp\/v2\/types\/page"}],"author":[{"embeddable":true,"href":"https:\/\/www.fetteretterem.hu\/index.php?rest_route=\/wp\/v2\/users\/1"}],"replies":[{"embeddable":true,"href":"https:\/\/www.fetteretterem.hu\/index.php?rest_route=%2Fwp%2Fv2%2Fcomments&post=5279"}],"version-history":[{"count":11,"href":"https:\/\/www.fetteretterem.hu\/index.php?rest_route=\/wp\/v2\/pages\/5279\/revisions"}],"predecessor-version":[{"id":5297,"href":"https:\/\/www.fetteretterem.hu\/index.php?rest_route=\/wp\/v2\/pages\/5279\/revisions\/5297"}],"wp:attachment":[{"href":"https:\/\/www.fetteretterem.hu\/index.php?rest_route=%2Fwp%2Fv2%2Fmedia&parent=5279"}],"curies":[{"name":"wp","href":"https:\/\/api.w.org\/{rel}","templated":true}]}}