{"id":5333,"date":"2019-07-15T17:26:27","date_gmt":"2019-07-15T17:26:27","guid":{"rendered":"https:\/\/www.fetteretterem.hu\/?page_id=5333"},"modified":"2019-07-31T15:56:38","modified_gmt":"2019-07-31T15:56:38","slug":"preshaz","status":"publish","type":"page","link":"https:\/\/www.fetteretterem.hu\/?page_id=5333","title":{"rendered":"Pr\u00e9sh\u00e1z"},"content":{"rendered":"<p>[vc_row full_width=&#8221;stretch_row&#8221; css=&#8221;.vc_custom_1563209712661{border-top-width: 1px !important;border-bottom-width: 1px !important;padding-top: 25px !important;padding-bottom: 0px !important;background-image: url(https:\/\/www.fetteretterem.hu\/wp-content\/uploads\/2017\/07\/topography.png?id=115) !important;background-position: 0 0 !important;background-repeat: repeat !important;border-top-color: #eeeeee !important;border-top-style: solid !important;border-bottom-color: #eeeeee !important;border-bottom-style: solid !important;}&#8221; el_id=&#8221;menu&#8221; el_class=&#8221;menu-row&#8221;][vc_column css=&#8221;.vc_custom_1504178186798{padding-top: 0px !important;}&#8221;][lab_heading title_tag=&#8221;H1&#8243; title=&#8221;Pr\u00e9sh\u00e1zunk&#8221; el_class=&#8221;restaurant-menu&#8221; css=&#8221;.vc_custom_1563211547077{margin-bottom: -15px !important;}&#8221;][\/lab_heading][vc_single_image image=&#8221;665&#8243; img_size=&#8221;full&#8221; el_class=&#8221;title-divider centered&#8221;][\/vc_column][\/vc_row][vc_row][vc_column][vc_empty_space][\/vc_column][\/vc_row][vc_row][vc_column width=&#8221;1\/4&#8243;][vc_column_text]Vend\u00e9gl\u0151nket a 90-es \u00e9vekben pr\u00e9sh\u00e1zzal, pinceboroz\u00f3val \u00e9s terasszal, kerthelys\u00e9ggel b\u0151v\u00edtett\u00fck. Ezeken a helysz\u00edneken is v\u00e1llaljuk csal\u00e1di rendezv\u00e9nyek, bankettek, csoportos rendezv\u00e9nyek lebonyol\u00edt\u00e1s\u00e1t.<\/p>\n<p>A pr\u00e9sh\u00e1z ter\u00fclet\u00e9n 44 f\u0151t, m\u00edg a kerthelys\u00e9gben tov\u00e1bbi 30 f\u0151t tudunk k\u00e9nyelmesen befogadni. V\u00e1llaljuk a rendezv\u00e9nyek teljes k\u00f6r\u0171 lebonyol\u00edt\u00e1s\u00e1t is.<\/p>\n<p>H\u00edvjon fel minket elk\u00e9pzel\u00e9seivel, \u00e9s seg\u00edt\u00fcnk azokat megval\u00f3s\u00edtani![\/vc_column_text][\/vc_column][vc_column width=&#8221;3\/4&#8243;][vc_masonry_media_grid grid_id=&#8221;vc_gid:1564573600621-02b55825-9589-9&#8243; include=&#8221;5336,5334,5337,5413,5414&#8243;][\/vc_column][\/vc_row][vc_row][vc_column][vc_empty_space][\/vc_column][\/vc_row]<\/p>\n","protected":false},"excerpt":{"rendered":"<p>[vc_row full_width=&#8221;stretch_row&#8221; css=&#8221;.vc_custom_1563209712661{border-top-width: 1px !important;border-bottom-width: 1px !important;padding-top: 25px !important;padding-bottom: 0px !important;background-image: url(https:\/\/www.fetteretterem.hu\/wp-content\/uploads\/2017\/07\/topography.png?id=115) !important;background-position: 0 0 !important;background-repeat: repeat !important;border-top-color: #eeeeee !important;border-top-style: solid !important;border-bottom-color: #eeeeee !important;border-bottom-style: solid !important;}&#8221; el_id=&#8221;menu&#8221; el_class=&#8221;menu-row&#8221;][vc_column css=&#8221;.vc_custom_1504178186798{padding-top: 0px !important;}&#8221;][lab_heading title_tag=&#8221;H1&#8243; title=&#8221;Pr\u00e9sh\u00e1zunk&#8221; el_class=&#8221;restaurant-menu&#8221; css=&#8221;.vc_custom_1563211547077{margin-bottom: -15px !important;}&#8221;][\/lab_heading][vc_single_image image=&#8221;665&#8243; img_size=&#8221;full&#8221; el_class=&#8221;title-divider centered&#8221;][\/vc_column][\/vc_row][vc_row][vc_column][vc_empty_space][\/vc_column][\/vc_row][vc_row][vc_column width=&#8221;1\/4&#8243;][vc_column_text]Vend\u00e9gl\u0151nket a 90-es \u00e9vekben pr\u00e9sh\u00e1zzal, pinceboroz\u00f3val \u00e9s terasszal, kerthelys\u00e9ggel b\u0151v\u00edtett\u00fck. Ezeken a helysz\u00edneken is&hellip;<\/p>\n","protected":false},"author":1,"featured_media":0,"parent":0,"menu_order":0,"comment_status":"closed","ping_status":"closed","template":"","meta":{"footnotes":""},"class_list":["post-5333","page","type-page","status-publish","hentry"],"_links":{"self":[{"href":"https:\/\/www.fetteretterem.hu\/index.php?rest_route=\/wp\/v2\/pages\/5333","targetHints":{"allow":["GET"]}}],"collection":[{"href":"https:\/\/www.fetteretterem.hu\/index.php?rest_route=\/wp\/v2\/pages"}],"about":[{"href":"https:\/\/www.fetteretterem.hu\/index.php?rest_route=\/wp\/v2\/types\/page"}],"author":[{"embeddable":true,"href":"https:\/\/www.fetteretterem.hu\/index.php?rest_route=\/wp\/v2\/users\/1"}],"replies":[{"embeddable":true,"href":"https:\/\/www.fetteretterem.hu\/index.php?rest_route=%2Fwp%2Fv2%2Fcomments&post=5333"}],"version-history":[{"count":4,"href":"https:\/\/www.fetteretterem.hu\/index.php?rest_route=\/wp\/v2\/pages\/5333\/revisions"}],"predecessor-version":[{"id":5415,"href":"https:\/\/www.fetteretterem.hu\/index.php?rest_route=\/wp\/v2\/pages\/5333\/revisions\/5415"}],"wp:attachment":[{"href":"https:\/\/www.fetteretterem.hu\/index.php?rest_route=%2Fwp%2Fv2%2Fmedia&parent=5333"}],"curies":[{"name":"wp","href":"https:\/\/api.w.org\/{rel}","templated":true}]}}