{"id":5342,"date":"2019-07-15T17:29:48","date_gmt":"2019-07-15T17:29:48","guid":{"rendered":"https:\/\/www.fetteretterem.hu\/?page_id=5342"},"modified":"2026-04-03T08:25:10","modified_gmt":"2026-04-03T08:25:10","slug":"kapcsolat","status":"publish","type":"page","link":"https:\/\/www.fetteretterem.hu\/?page_id=5342","title":{"rendered":"Nyitvatart\u00e1s\/Kapcsolat\/H\u00e1zhozsz\u00e1ll\u00edt\u00e1s"},"content":{"rendered":"<p>[vc_row full_width=&#8221;stretch_row&#8221; css=&#8221;.vc_custom_1563209712661{border-top-width: 1px !important;border-bottom-width: 1px !important;padding-top: 25px !important;padding-bottom: 0px !important;background-image: url(https:\/\/www.fetteretterem.hu\/wp-content\/uploads\/2017\/07\/topography.png?id=115) !important;background-position: 0 0 !important;background-repeat: repeat !important;border-top-color: #eeeeee !important;border-top-style: solid !important;border-bottom-color: #eeeeee !important;border-bottom-style: solid !important;}&#8221; el_id=&#8221;menu&#8221; el_class=&#8221;menu-row&#8221;][vc_column css=&#8221;.vc_custom_1504178186798{padding-top: 0px !important;}&#8221;][lab_heading title_tag=&#8221;H1&#8243; title=&#8221;Kapcsolat&#8221; el_class=&#8221;restaurant-menu&#8221; css=&#8221;.vc_custom_1564591357780{margin-bottom: -15px !important;}&#8221;][\/lab_heading][vc_single_image image=&#8221;665&#8243; img_size=&#8221;full&#8221; el_class=&#8221;title-divider centered&#8221;][\/vc_column][\/vc_row][vc_row][vc_column][vc_empty_space][\/vc_column][\/vc_row][vc_row][vc_column width=&#8221;1\/2&#8243;][vc_column_text]<strong>TELEFON: <\/strong><a href=\"tel:+36209527217\">+36 20 952 7217<\/a> vagy <a href=\"tel:+3626330473\">+36 26 330 473<\/a><\/p>\n<p><strong>C\u00cdM:<\/strong> 2085 Pilisv\u00f6r\u00f6sv\u00e1r, V\u00e1rkert utca 1.<\/p>\n<p><strong>E-MAIL:<\/strong> <a href=\"mailto:fetteretterem@freemail.hu\">fetteretterem@freemail.hu<\/a><\/p>\n<p><strong>H\u00c1ZHOZSZ\u00c1LL\u00cdT\u00c1S<\/strong><\/p>\n<p class=\"_04xlpA direction-ltr align-center para-style-body\"><span class=\"JsGRdQ\">Kisz\u00e1ll\u00edt\u00e1si d\u00edj: Pilisv\u00f6r\u00f6sv\u00e1r 250.Ft<\/span><\/p>\n<p><span class=\"JsGRdQ\">Minimum rendel\u00e9si \u00f6sszeg: 1800.-Ft<\/span><\/p>\n<p class=\"_04xlpA direction-ltr align-center para-style-body\"><span class=\"JsGRdQ\">Kisz\u00e1ll\u00edt\u00e1si d\u00edj: Pilisszentiv\u00e1n 450.-Ft<\/span><\/p>\n<p class=\"_04xlpA direction-ltr align-center para-style-body\"><span class=\"JsGRdQ\">Minimum rendel\u00e9si \u00f6sszeg: 1800.-Ft<\/span><\/p>\n<p class=\"_04xlpA direction-ltr align-center para-style-body\"><span class=\"JsGRdQ\">Kisz\u00e1ll\u00edt\u00e1si d\u00edj: Piliscsaba 750.Ft<\/span><\/p>\n<p><span class=\"JsGRdQ\">Minimum rendel\u00e9si \u00f6sszeg: 1800.-Ft<\/span><\/p>\n<p class=\"_04xlpA direction-ltr align-center para-style-body\"><span class=\"JsGRdQ\">Kisz\u00e1ll\u00edt\u00e1si d\u00edj: Solym\u00e1r, Pilissz\u00e1nt\u00f3, Pilisj\u00e1szfalu, Piliscsaba Magdolnav\u00f6lgy 950.-Ft<\/span><\/p>\n<p><span class=\"JsGRdQ\">Minimum rendel\u00e9si \u00f6sszeg: 3600.-Ft<\/span><\/p>\n<p class=\"_04xlpA direction-ltr align-center para-style-body\"><span class=\"JsGRdQ\">Kisz\u00e1ll\u00edt\u00e1si d\u00edj: Tinnye, Piliscs\u00e9v\u00a0 1050.-Ft<\/span><\/p>\n<p class=\"_04xlpA direction-ltr align-center para-style-body\"><span class=\"JsGRdQ\">Minimum rendel\u00e9si \u00f6sszeg: 3600.-Ft<\/span><\/p>\n<p class=\"_04xlpA direction-ltr align-center para-style-body\"><span class=\"JsGRdQ\">Csomagol\u00e1s:<\/span><\/p>\n<p class=\"_04xlpA direction-ltr align-center para-style-body\"><span class=\"JsGRdQ\">200.-Ft\/men\u00fc 150.-Ft\/\u00e9tel<\/span><\/p>\n<p class=\"_04xlpA direction-ltr align-center para-style-body\"><span class=\"JsGRdQ\">320.-Ft\/k\u00e9tszem\u00e9lyes t\u00e1lca<\/span><\/p>\n<p class=\"_04xlpA direction-ltr align-center para-style-body\"><span class=\"JsGRdQ\">480.-Ft\/n\u00e9gyszem\u00e9lyes t\u00e1lca<\/span><\/p>\n<p>[\/vc_column_text][\/vc_column][vc_column width=&#8221;1\/2&#8243;][vc_column_text]<\/p>\n<h2 class=\"widgettitle\">Nyitvatart\u00e1s<\/h2>\n<div class=\"textwidget custom-html-widget\">\n<p><b>H\u00e9tf\u0151:<\/b> z\u00e1rva<\/p>\n<p><strong>Kedd:<\/strong> 10:00-22:00 (<strong>Konyh\u00e1nk nyitvatart\u00e1si ideje: 12:00-15:00<\/strong>)<\/p>\n<p><strong>Szerda:\u00a0<\/strong>10:00-22:00 <strong>(Konyh\u00e1nk nyitvatart\u00e1si ideje: 12:00-20:30)<\/strong><\/p>\n<p><strong>Cs\u00fct\u00f6rt\u00f6k: <\/strong>10:00-22:00 (<strong>Konyh\u00e1nk nyitvatart\u00e1si ideje: 12:00-15:00<\/strong>)<\/p>\n<p><strong>P\u00e9ntek:<\/strong> 10:00-22:00 <strong>(Konyh\u00e1nk nyitvatart\u00e1si ideje: 12:00-20:30)<\/strong><\/p>\n<p><strong>Szombat:<\/strong> 10:00-22:00 <strong>(Konyh\u00e1nk nyitvatart\u00e1si ideje: 12:00-20:30)<\/strong><\/p>\n<p><strong>Vas\u00e1rnap:<\/strong> 10:00-15:00 (<strong>Konyh\u00e1nk nyitvatart\u00e1si ideje<em>: 12:00-14:00<\/em><\/strong>)<\/p>\n<p><strong>H\u00e1zhozsz\u00e1ll\u00edt\u00e1sunk, lott\u00f3z\u00f3nk \u00e9s dartsterm\u00fcnk ez id\u0151 alatt zavartalanul \u00fczemel!<\/strong><\/p>\n<p style=\"text-align: center;\"><em><strong>H\u00fasv\u00e9ti nyitvatart\u00e1sunk<\/strong><\/em><\/p>\n<p style=\"text-align: center;\"><em><strong>Nagyp\u00e9ntek: 10:00-22:00<\/strong><\/em><\/p>\n<p style=\"text-align: center;\"><em><strong>Nagyszombat: 10:00-22:00<\/strong><\/em><\/p>\n<p style=\"text-align: center;\"><em><strong>H\u00fasv\u00e9tvas\u00e1rnap: 10:00-15:00<\/strong><\/em><\/p>\n<p style=\"text-align: center;\"><em><strong>H\u00fasv\u00e9th\u00e9tf\u0151: z\u00e1rva<\/strong><\/em><\/p>\n<\/div>\n<p>[\/vc_column_text][\/vc_column][\/vc_row][vc_row][vc_column][vc_single_image image=&#8221;5417&#8243; img_size=&#8221;medium&#8221; alignment=&#8221;center&#8221;][\/vc_column][\/vc_row][vc_row full_width=&#8221;stretch_row_content&#8221;][vc_column][lab_google_map height=&#8221;500&#8243;][lab_google_map_location latitude=&#8221;47.616090&#8243; longitude=&#8221;18.900310&#8243;][\/lab_google_map][\/vc_column][\/vc_row]<\/p>\n","protected":false},"excerpt":{"rendered":"<p>[vc_row full_width=&#8221;stretch_row&#8221; css=&#8221;.vc_custom_1563209712661{border-top-width: 1px !important;border-bottom-width: 1px !important;padding-top: 25px !important;padding-bottom: 0px !important;background-image: url(https:\/\/www.fetteretterem.hu\/wp-content\/uploads\/2017\/07\/topography.png?id=115) !important;background-position: 0 0 !important;background-repeat: repeat !important;border-top-color: #eeeeee !important;border-top-style: solid !important;border-bottom-color: #eeeeee !important;border-bottom-style: solid !important;}&#8221; el_id=&#8221;menu&#8221; el_class=&#8221;menu-row&#8221;][vc_column css=&#8221;.vc_custom_1504178186798{padding-top: 0px !important;}&#8221;][lab_heading title_tag=&#8221;H1&#8243; title=&#8221;Kapcsolat&#8221; el_class=&#8221;restaurant-menu&#8221; css=&#8221;.vc_custom_1564591357780{margin-bottom: -15px !important;}&#8221;][\/lab_heading][vc_single_image image=&#8221;665&#8243; img_size=&#8221;full&#8221; el_class=&#8221;title-divider centered&#8221;][\/vc_column][\/vc_row][vc_row][vc_column][vc_empty_space][\/vc_column][\/vc_row][vc_row][vc_column width=&#8221;1\/2&#8243;][vc_column_text]TELEFON: +36 20 952 7217 vagy +36 26 330 473 C\u00cdM: 2085 Pilisv\u00f6r\u00f6sv\u00e1r, V\u00e1rkert&hellip;<\/p>\n","protected":false},"author":1,"featured_media":0,"parent":0,"menu_order":0,"comment_status":"closed","ping_status":"closed","template":"","meta":{"footnotes":""},"class_list":["post-5342","page","type-page","status-publish","hentry"],"_links":{"self":[{"href":"https:\/\/www.fetteretterem.hu\/index.php?rest_route=\/wp\/v2\/pages\/5342","targetHints":{"allow":["GET"]}}],"collection":[{"href":"https:\/\/www.fetteretterem.hu\/index.php?rest_route=\/wp\/v2\/pages"}],"about":[{"href":"https:\/\/www.fetteretterem.hu\/index.php?rest_route=\/wp\/v2\/types\/page"}],"author":[{"embeddable":true,"href":"https:\/\/www.fetteretterem.hu\/index.php?rest_route=\/wp\/v2\/users\/1"}],"replies":[{"embeddable":true,"href":"https:\/\/www.fetteretterem.hu\/index.php?rest_route=%2Fwp%2Fv2%2Fcomments&post=5342"}],"version-history":[{"count":51,"href":"https:\/\/www.fetteretterem.hu\/index.php?rest_route=\/wp\/v2\/pages\/5342\/revisions"}],"predecessor-version":[{"id":6754,"href":"https:\/\/www.fetteretterem.hu\/index.php?rest_route=\/wp\/v2\/pages\/5342\/revisions\/6754"}],"wp:attachment":[{"href":"https:\/\/www.fetteretterem.hu\/index.php?rest_route=%2Fwp%2Fv2%2Fmedia&parent=5342"}],"curies":[{"name":"wp","href":"https:\/\/api.w.org\/{rel}","templated":true}]}}