{"id":5432,"date":"2019-07-31T13:06:53","date_gmt":"2019-07-31T13:06:53","guid":{"rendered":"https:\/\/www.fetteretterem.hu\/?page_id=5432"},"modified":"2019-07-31T13:07:22","modified_gmt":"2019-07-31T13:07:22","slug":"home-2","status":"publish","type":"page","link":"https:\/\/www.fetteretterem.hu\/?page_id=5432&lang=en","title":{"rendered":"Home"},"content":{"rendered":"<p>[vc_row full_width=&#8221;stretch_row_content_no_spaces&#8221;][vc_column]\n<div id=\"rev_slider_2_1_wrapper\" class=\"rev_slider_wrapper fullwidthbanner-container\" data-source=\"gallery\" style=\"margin:0px auto;background:transparent;padding:0px;margin-top:0px;margin-bottom:0px;\">\n<!-- START REVOLUTION SLIDER 5.4.8.3 fullwidth mode -->\n\t<div id=\"rev_slider_2_1\" class=\"rev_slider fullwidthabanner\" style=\"display:none;\" data-version=\"5.4.8.3\">\n<ul>\t<!-- SLIDE  -->\n\t<li data-index=\"rs-4\" data-transition=\"fade\" data-slotamount=\"default\" data-hideafterloop=\"0\" data-hideslideonmobile=\"off\"  data-easein=\"default\" data-easeout=\"default\" data-masterspeed=\"300\"  data-rotate=\"0\"  data-saveperformance=\"off\"  data-title=\"Slide\" data-param1=\"\" data-param2=\"\" data-param3=\"\" data-param4=\"\" data-param5=\"\" data-param6=\"\" data-param7=\"\" data-param8=\"\" data-param9=\"\" data-param10=\"\" data-description=\"\">\n\t\t<!-- MAIN IMAGE -->\n\t\t<img loading=\"lazy\" decoding=\"async\" src=\"https:\/\/www.fetteretterem.hu\/wp-content\/uploads\/2019\/07\/viber_image_2019-07-02_13-39-50.jpg\"  alt=\"\" title=\"Fetter Vend\u00e9gl\u0151 Pilisv\u00f6r\u00f6sv\u00e1r\"  width=\"1280\" height=\"720\" data-bgposition=\"center center\" data-kenburns=\"on\" data-duration=\"10000\" data-ease=\"Linear.easeNone\" data-scalestart=\"100\" data-scaleend=\"110\" data-rotatestart=\"0\" data-rotateend=\"0\" data-blurstart=\"0\" data-blurend=\"0\" data-offsetstart=\"0 0\" data-offsetend=\"0 0\" class=\"rev-slidebg\" data-no-retina>\n\t\t<!-- LAYERS -->\n\t<\/li>\n\t<!-- SLIDE  -->\n\t<li data-index=\"rs-5\" data-transition=\"fade\" data-slotamount=\"default\" data-hideafterloop=\"0\" data-hideslideonmobile=\"off\"  data-easein=\"default\" data-easeout=\"default\" data-masterspeed=\"300\"  data-rotate=\"0\"  data-saveperformance=\"off\"  data-title=\"Slide\" data-param1=\"\" data-param2=\"\" data-param3=\"\" data-param4=\"\" data-param5=\"\" data-param6=\"\" data-param7=\"\" data-param8=\"\" data-param9=\"\" data-param10=\"\" data-description=\"\">\n\t\t<!-- MAIN IMAGE -->\n\t\t<img loading=\"lazy\" decoding=\"async\" src=\"https:\/\/www.fetteretterem.hu\/wp-content\/uploads\/2019\/07\/viber_image_2019-07-02_13-35-00.jpg\"  alt=\"\" title=\"viber_image_2019-07-02_13-35-00\"  width=\"1280\" height=\"720\" data-bgposition=\"center center\" data-kenburns=\"on\" data-duration=\"10000\" data-ease=\"Linear.easeNone\" data-scalestart=\"100\" data-scaleend=\"110\" data-rotatestart=\"0\" data-rotateend=\"0\" data-blurstart=\"0\" data-blurend=\"0\" data-offsetstart=\"0 0\" data-offsetend=\"0 0\" class=\"rev-slidebg\" data-no-retina>\n\t\t<!-- LAYERS -->\n\t<\/li>\n<\/ul>\n<div class=\"tp-bannertimer tp-bottom\" style=\"visibility: hidden !important;\"><\/div>\t<\/div>\n<script>var htmlDiv = document.getElementById(\"rs-plugin-settings-inline-css\"); var htmlDivCss=\"\";\r\n\t\t\t\tif(htmlDiv) {\r\n\t\t\t\t\thtmlDiv.innerHTML = htmlDiv.innerHTML + htmlDivCss;\r\n\t\t\t\t}else{\r\n\t\t\t\t\tvar htmlDiv = document.createElement(\"div\");\r\n\t\t\t\t\thtmlDiv.innerHTML = \"<style>\" + htmlDivCss + \"<\/style>\";\r\n\t\t\t\t\tdocument.getElementsByTagName(\"head\")[0].appendChild(htmlDiv.childNodes[0]);\r\n\t\t\t\t}\r\n\t\t\t<\/script>\n\t\t<script type=\"text\/javascript\">\r\nif (setREVStartSize!==undefined) setREVStartSize(\r\n\t{c: '#rev_slider_2_1', gridwidth: [1240], gridheight: [600], sliderLayout: 'fullwidth'});\r\n\t\t\t\r\nvar revapi2,\r\n\ttpj;\t\r\n(function() {\t\t\t\r\n\tif (!\/loaded|interactive|complete\/.test(document.readyState)) document.addEventListener(\"DOMContentLoaded\",onLoad); else onLoad();\t\r\n\tfunction onLoad() {\t\t\t\t\r\n\t\tif (tpj===undefined) { tpj = jQuery; if(\"off\" == \"on\") tpj.noConflict();}\r\n\tif(tpj(\"#rev_slider_2_1\").revolution == undefined){\n\t\trevslider_showDoubleJqueryError(\"#rev_slider_2_1\");\n\t}else{\n\t\trevapi2 = tpj(\"#rev_slider_2_1\").show().revolution({\n\t\t\tsliderType:\"standard\",\n\t\t\tjsFileLocation:\"\/\/www.fetteretterem.hu\/wp-content\/plugins\/revslider\/public\/assets\/js\/\",\n\t\t\tsliderLayout:\"fullwidth\",\n\t\t\tdottedOverlay:\"none\",\n\t\t\tdelay:9000,\n\t\t\tnavigation: {\n\t\t\t\tonHoverStop:\"off\",\n\t\t\t},\n\t\t\tvisibilityLevels:[1240,1024,778,480],\n\t\t\tgridwidth:1240,\n\t\t\tgridheight:600,\n\t\t\tlazyType:\"none\",\n\t\t\tshadow:0,\n\t\t\tspinner:\"spinner0\",\n\t\t\tstopLoop:\"off\",\n\t\t\tstopAfterLoops:-1,\n\t\t\tstopAtSlide:-1,\n\t\t\tshuffle:\"off\",\n\t\t\tautoHeight:\"off\",\n\t\t\tdisableProgressBar:\"on\",\n\t\t\thideThumbsOnMobile:\"off\",\n\t\t\thideSliderAtLimit:0,\n\t\t\thideCaptionAtLimit:0,\n\t\t\thideAllCaptionAtLilmit:0,\n\t\t\tdebugMode:false,\n\t\t\tfallbacks: {\n\t\t\t\tsimplifyAll:\"off\",\n\t\t\t\tnextSlideOnWindowFocus:\"off\",\n\t\t\t\tdisableFocusListener:false,\n\t\t\t}\n\t\t});\n\t}; \/* END OF revapi call *\/\n\t\n }; \/* END OF ON LOAD FUNCTION *\/\r\n}()); \/* END OF WRAPPING FUNCTION *\/\r\n<\/script>\r\n\t\t<\/div><!-- END REVOLUTION SLIDER -->[\/vc_column][\/vc_row][vc_row css_animation=&#8221;none&#8221; el_id=&#8221;restaurant&#8221; el_class=&#8221;restaurant&#8221;][vc_column width=&#8221;1\/2&#8243;][lab_heading title=&#8221;We welcome you on our website!&#8221;]A homely traditioned, cozy restaurant in the heart of Pilisv\u00f6r\u00f6sv\u00e1r. [\/lab_heading][vc_column_text]Our restaurant was built at the end of the 1930 years by Ferenc Fetter. It was opened in the summer of 1939, with the name Vas\u00fat Cs\u00e1rda (Railway Road-House). In the beginning it offered warm dishes, K\u0151b\u00e1nya Beer from wooden-barrel and wine from Soltvadkert.[\/vc_column_text][\/vc_column][vc_column css_animation=&#8221;none&#8221; width=&#8221;1\/2&#8243;][vc_single_image image=&#8221;5397&#8243; img_size=&#8221;large&#8221; css_animation=&#8221;bottom-to-top&#8221;][\/vc_column][\/vc_row][vc_row full_width=&#8221;stretch_row&#8221; css=&#8221;.vc_custom_1564574583114{border-top-width: 1px !important;background-image: url(https:\/\/www.fetteretterem.hu\/wp-content\/uploads\/2019\/07\/preshaz_bg.jpg?id=5263) !important;background-position: center !important;background-repeat: no-repeat !important;background-size: cover !important;border-top-color: #eeeeee !important;}&#8221; el_class=&#8221;our-chef&#8221;][vc_column width=&#8221;1\/2&#8243;][lab_heading title=&#8221;Family, friendly event, class reunion?&#8221; el_class=&#8221;chef-title&#8221;][\/lab_heading][vc_single_image image=&#8221;665&#8243; img_size=&#8221;full&#8221; el_class=&#8221;title-divider&#8221;][vc_column_text]<span style=\"color: #ffffff;\">You can have a recallable event in our press-house or wine-cellar, or in our separated tea-garden. Contact us for further details. <\/span>[\/vc_column_text][lab_button title=&#8221;Kapcsolatfelv\u00e9tel&#8221; type=&#8221;standard&#8221; button_bg=&#8221;btn-white&#8221; link=&#8221;url:https%3A%2F%2Fwww.fetteretterem.hu%2Fkapcsolat%2F|title:Kapcsolat||&#8221;][vc_empty_space][\/vc_column][vc_column width=&#8221;1\/2&#8243;][vc_single_image image=&#8221;5411&#8243; img_size=&#8221;large&#8221; onclick=&#8221;link_image&#8221; css_animation=&#8221;bottom-to-top&#8221;][\/vc_column][\/vc_row][vc_row full_width=&#8221;stretch_row&#8221; css=&#8221;.vc_custom_1563817114573{border-top-width: 1px !important;background-position: center !important;background-repeat: no-repeat !important;background-size: cover !important;border-top-color: #eeeeee !important;}&#8221;][vc_column width=&#8221;1\/2&#8243;][vc_single_image image=&#8221;5401&#8243; img_size=&#8221;full&#8221; alignment=&#8221;center&#8221; onclick=&#8221;link_image&#8221; css_animation=&#8221;bottom-to-top&#8221;][vc_empty_space][\/vc_column][vc_column width=&#8221;1\/2&#8243;][lab_heading title=&#8221;We love dogs!&#8221; el_class=&#8221;chef-title&#8221;]Guests with dogs are welcome with a gift.[\/lab_heading][vc_single_image image=&#8221;665&#8243; img_size=&#8221;full&#8221; el_class=&#8221;title-divider&#8221;][\/vc_column][\/vc_row][vc_row full_width=&#8221;stretch_row_content_no_spaces&#8221; equal_height=&#8221;yes&#8221; content_placement=&#8221;middle&#8221; el_id=&#8221;reserve&#8221;][vc_column width=&#8221;1\/2&#8243; css=&#8221;.vc_custom_1500902377590{padding-top: 0px !important;}&#8221;][lab_google_map][lab_google_map_location latitude=&#8221;47.616090&#8243; longitude=&#8221;18.900310&#8243;][\/lab_google_map][\/vc_column][vc_column width=&#8221;1\/3&#8243; offset=&#8221;vc_col-lg-offset-1 vc_col-md-offset-1 vc_col-sm-offset-1 vc_col-xs-offset-1&#8243; el_class=&#8221;reserve&#8221;][lab_heading title=&#8221;You can locate and reach us very easy!&#8221; el_class=&#8221;reserve-table&#8221;]You can reach us very fast by car or with public transport as well. You can find us next to the P+R park area of the railway-station in Pilisv\u00f6r\u00f6sv\u00e1r, and you can park your car next to the restaurant. The bus-stop is only a minute walk away from us. [\/lab_heading][vc_single_image image=&#8221;665&#8243; img_size=&#8221;full&#8221; el_class=&#8221;title-divider&#8221;][\/vc_column][\/vc_row]<\/p>\n","protected":false},"excerpt":{"rendered":"<p>[vc_row full_width=&#8221;stretch_row_content_no_spaces&#8221;][vc_column][\/vc_column][\/vc_row][vc_row css_animation=&#8221;none&#8221; el_id=&#8221;restaurant&#8221; el_class=&#8221;restaurant&#8221;][vc_column width=&#8221;1\/2&#8243;][lab_heading title=&#8221;We welcome you on our website!&#8221;]A homely traditioned, cozy restaurant in the heart of Pilisv\u00f6r\u00f6sv\u00e1r. [\/lab_heading][vc_column_text]Our restaurant was built at the end of the 1930 years by Ferenc Fetter. It was opened in the summer of 1939, with the name Vas\u00fat Cs\u00e1rda (Railway Road-House). In the beginning it offered&hellip;<\/p>\n","protected":false},"author":1,"featured_media":0,"parent":0,"menu_order":0,"comment_status":"closed","ping_status":"closed","template":"","meta":{"footnotes":""},"class_list":["post-5432","page","type-page","status-publish","hentry"],"_links":{"self":[{"href":"https:\/\/www.fetteretterem.hu\/index.php?rest_route=\/wp\/v2\/pages\/5432","targetHints":{"allow":["GET"]}}],"collection":[{"href":"https:\/\/www.fetteretterem.hu\/index.php?rest_route=\/wp\/v2\/pages"}],"about":[{"href":"https:\/\/www.fetteretterem.hu\/index.php?rest_route=\/wp\/v2\/types\/page"}],"author":[{"embeddable":true,"href":"https:\/\/www.fetteretterem.hu\/index.php?rest_route=\/wp\/v2\/users\/1"}],"replies":[{"embeddable":true,"href":"https:\/\/www.fetteretterem.hu\/index.php?rest_route=%2Fwp%2Fv2%2Fcomments&post=5432"}],"version-history":[{"count":3,"href":"https:\/\/www.fetteretterem.hu\/index.php?rest_route=\/wp\/v2\/pages\/5432\/revisions"}],"predecessor-version":[{"id":5435,"href":"https:\/\/www.fetteretterem.hu\/index.php?rest_route=\/wp\/v2\/pages\/5432\/revisions\/5435"}],"wp:attachment":[{"href":"https:\/\/www.fetteretterem.hu\/index.php?rest_route=%2Fwp%2Fv2%2Fmedia&parent=5432"}],"curies":[{"name":"wp","href":"https:\/\/api.w.org\/{rel}","templated":true}]}}