{"id":5448,"date":"2019-07-31T16:00:05","date_gmt":"2019-07-31T16:00:05","guid":{"rendered":"https:\/\/www.fetteretterem.hu\/?page_id=5448"},"modified":"2019-08-01T15:16:58","modified_gmt":"2019-08-01T15:16:58","slug":"contact","status":"publish","type":"page","link":"https:\/\/www.fetteretterem.hu\/?page_id=5448&lang=en","title":{"rendered":"Contact"},"content":{"rendered":"<p>[vc_row full_width=&#8221;stretch_row&#8221; css=&#8221;.vc_custom_1563209712661{border-top-width: 1px !important;border-bottom-width: 1px !important;padding-top: 25px !important;padding-bottom: 0px !important;background-image: url(https:\/\/www.fetteretterem.hu\/wp-content\/uploads\/2017\/07\/topography.png?id=115) !important;background-position: 0 0 !important;background-repeat: repeat !important;border-top-color: #eeeeee !important;border-top-style: solid !important;border-bottom-color: #eeeeee !important;border-bottom-style: solid !important;}&#8221; el_id=&#8221;menu&#8221; el_class=&#8221;menu-row&#8221;][vc_column css=&#8221;.vc_custom_1504178186798{padding-top: 0px !important;}&#8221;][lab_heading title_tag=&#8221;H1&#8243; title=&#8221;Contact&#8221; el_class=&#8221;restaurant-menu&#8221; css=&#8221;.vc_custom_1564588803460{margin-bottom: -15px !important;}&#8221;][\/lab_heading][vc_single_image image=&#8221;665&#8243; img_size=&#8221;full&#8221; el_class=&#8221;title-divider centered&#8221;][\/vc_column][\/vc_row][vc_row][vc_column][vc_empty_space][\/vc_column][\/vc_row][vc_row][vc_column width=&#8221;1\/2&#8243;][vc_column_text]<strong>PHONE: <\/strong><a href=\"tel:+36209527217\">+36 20 952 7217<\/a> vagy <a href=\"tel:+3626330473\">+36 26 330 473<\/a><\/p>\n<p><strong>ADDRESS:<\/strong> 2085 Pilisv\u00f6r\u00f6sv\u00e1r, V\u00e1rkert utca 1.<\/p>\n<p><strong>E-MAIL:<\/strong> <a href=\"mailto:fetteretterem@freemail.hu\">fetteretterem@freemail.hu<\/a><\/p>\n<p><strong>OFFER FOR COMPANIES:<\/strong><\/p>\n<p>We deliver our menus to location above 6 portions.[\/vc_column_text][\/vc_column][vc_column width=&#8221;1\/2&#8243;][vc_column_text]<\/p>\n<h2 class=\"widgettitle\">Opening Hours<\/h2>\n<div class=\"textwidget custom-html-widget\">\n<p><strong>Monday:<\/strong> closed<\/p>\n<p><strong>Tuesday-Saturday:<\/strong> 10:00-22:00<\/p>\n<p><strong>Sunday:<\/strong> 10:00-15:00<\/p>\n<\/div>\n<p>[\/vc_column_text][\/vc_column][\/vc_row][vc_row][vc_column][vc_single_image image=&#8221;5417&#8243; img_size=&#8221;medium&#8221; alignment=&#8221;center&#8221;][\/vc_column][\/vc_row][vc_row full_width=&#8221;stretch_row_content&#8221;][vc_column][lab_google_map height=&#8221;500&#8243;][lab_google_map_location latitude=&#8221;47.616090&#8243; longitude=&#8221;18.900310&#8243;][\/lab_google_map][\/vc_column][\/vc_row]<\/p>\n","protected":false},"excerpt":{"rendered":"<p>[vc_row full_width=&#8221;stretch_row&#8221; css=&#8221;.vc_custom_1563209712661{border-top-width: 1px !important;border-bottom-width: 1px !important;padding-top: 25px !important;padding-bottom: 0px !important;background-image: url(https:\/\/www.fetteretterem.hu\/wp-content\/uploads\/2017\/07\/topography.png?id=115) !important;background-position: 0 0 !important;background-repeat: repeat !important;border-top-color: #eeeeee !important;border-top-style: solid !important;border-bottom-color: #eeeeee !important;border-bottom-style: solid !important;}&#8221; el_id=&#8221;menu&#8221; el_class=&#8221;menu-row&#8221;][vc_column css=&#8221;.vc_custom_1504178186798{padding-top: 0px !important;}&#8221;][lab_heading title_tag=&#8221;H1&#8243; title=&#8221;Contact&#8221; el_class=&#8221;restaurant-menu&#8221; css=&#8221;.vc_custom_1564588803460{margin-bottom: -15px !important;}&#8221;][\/lab_heading][vc_single_image image=&#8221;665&#8243; img_size=&#8221;full&#8221; el_class=&#8221;title-divider centered&#8221;][\/vc_column][\/vc_row][vc_row][vc_column][vc_empty_space][\/vc_column][\/vc_row][vc_row][vc_column width=&#8221;1\/2&#8243;][vc_column_text]PHONE: +36 20 952 7217 vagy +36 26 330 473 ADDRESS: 2085 Pilisv\u00f6r\u00f6sv\u00e1r, V\u00e1rkert&hellip;<\/p>\n","protected":false},"author":1,"featured_media":0,"parent":0,"menu_order":0,"comment_status":"closed","ping_status":"closed","template":"","meta":{"footnotes":""},"class_list":["post-5448","page","type-page","status-publish","hentry"],"_links":{"self":[{"href":"https:\/\/www.fetteretterem.hu\/index.php?rest_route=\/wp\/v2\/pages\/5448","targetHints":{"allow":["GET"]}}],"collection":[{"href":"https:\/\/www.fetteretterem.hu\/index.php?rest_route=\/wp\/v2\/pages"}],"about":[{"href":"https:\/\/www.fetteretterem.hu\/index.php?rest_route=\/wp\/v2\/types\/page"}],"author":[{"embeddable":true,"href":"https:\/\/www.fetteretterem.hu\/index.php?rest_route=\/wp\/v2\/users\/1"}],"replies":[{"embeddable":true,"href":"https:\/\/www.fetteretterem.hu\/index.php?rest_route=%2Fwp%2Fv2%2Fcomments&post=5448"}],"version-history":[{"count":2,"href":"https:\/\/www.fetteretterem.hu\/index.php?rest_route=\/wp\/v2\/pages\/5448\/revisions"}],"predecessor-version":[{"id":5502,"href":"https:\/\/www.fetteretterem.hu\/index.php?rest_route=\/wp\/v2\/pages\/5448\/revisions\/5502"}],"wp:attachment":[{"href":"https:\/\/www.fetteretterem.hu\/index.php?rest_route=%2Fwp%2Fv2%2Fmedia&parent=5448"}],"curies":[{"name":"wp","href":"https:\/\/api.w.org\/{rel}","templated":true}]}}