{"id":5473,"date":"2019-07-31T16:34:24","date_gmt":"2019-07-31T16:34:24","guid":{"rendered":"https:\/\/www.fetteretterem.hu\/?page_id=5473"},"modified":"2019-07-31T16:34:24","modified_gmt":"2019-07-31T16:34:24","slug":"ueber-uns","status":"publish","type":"page","link":"https:\/\/www.fetteretterem.hu\/?page_id=5473&lang=de","title":{"rendered":"\u00dcber Uns"},"content":{"rendered":"<p>[vc_row full_width=&#8221;stretch_row&#8221; css=&#8221;.vc_custom_1563209712661{border-top-width: 1px !important;border-bottom-width: 1px !important;padding-top: 25px !important;padding-bottom: 0px !important;background-image: url(https:\/\/www.fetteretterem.hu\/wp-content\/uploads\/2017\/07\/topography.png?id=115) !important;background-position: 0 0 !important;background-repeat: repeat !important;border-top-color: #eeeeee !important;border-top-style: solid !important;border-bottom-color: #eeeeee !important;border-bottom-style: solid !important;}&#8221; el_id=&#8221;menu&#8221; el_class=&#8221;menu-row&#8221;][vc_column css=&#8221;.vc_custom_1504178186798{padding-top: 0px !important;}&#8221;][lab_heading title_tag=&#8221;H1&#8243; title=&#8221;\u00dcber Uns&#8221; el_class=&#8221;restaurant-menu&#8221; css=&#8221;.vc_custom_1564590925036{margin-bottom: -15px !important;}&#8221;][\/lab_heading][vc_single_image image=&#8221;665&#8243; img_size=&#8221;full&#8221; el_class=&#8221;title-divider centered&#8221;][\/vc_column][\/vc_row][vc_row][vc_column][vc_empty_space][\/vc_column][\/vc_row][vc_row][vc_column width=&#8221;1\/2&#8243;][vc_column_text]<strong>In dem Centrum von Pilisv\u00f6r\u00f6sv\u00e1r erwarten wir herzlich unsere Liebe G\u00e4ste in unserem Restaurant. <\/strong><\/p>\n<p>Unsere Gastst\u00e4tte wurde vom Ferenc Fetter an dem Ende der 1930er Jahren gebaut. Die offizielle Er\u00f6ffnung fand im Sommer 1939 statt, damals noch mit der Name Vas\u00fat Cs\u00e1rda. Am Anfang bediente man die G\u00e4ste mit warmen K\u00fcchengerichten, mit Holzfass Bier von K\u0151b\u00e1nya, und mit Wein aus Soltvadkert. Das Geb\u00e4ude, und die Fassade des Geb\u00e4udes enth\u00e4lt bis zu unserer Zeit die originellen Merkmale. Im 90er Jahre wurde unsere Gastst\u00e4tte mit einem Pre\u00dfhaus, mit einer Kellerweinstube, mit einer Terrasse und mit einer Sommerterrasse erweitert. Wir unternehmen und organisieren auch an diesen Pl\u00e4tzen Familienveranstaltungen, Banketts und Gruppenveranstaltungen.<\/p>\n<p>Wir erwarten unsere lieben G\u00e4ste mit wechselreicher Speisekarte, mit Bier vom Fass, mit guten Weinen und mit anderen Getr\u00e4nken. Nach vorigen Absprechen k\u00f6nnen wir auch eigene Speisenw\u00fcnsche erf\u00fcllen.[\/vc_column_text][\/vc_column][vc_column width=&#8221;1\/2&#8243;][vc_masonry_media_grid grid_id=&#8221;vc_gid:1564590918545-e7b297f3-0071-1&#8243; include=&#8221;5293,5294,5286,5287,5288,5289,5290&#8243;][\/vc_column][\/vc_row][vc_row][vc_column][vc_empty_space][\/vc_column][\/vc_row]<\/p>\n","protected":false},"excerpt":{"rendered":"<p>[vc_row full_width=&#8221;stretch_row&#8221; css=&#8221;.vc_custom_1563209712661{border-top-width: 1px !important;border-bottom-width: 1px !important;padding-top: 25px !important;padding-bottom: 0px !important;background-image: url(https:\/\/www.fetteretterem.hu\/wp-content\/uploads\/2017\/07\/topography.png?id=115) !important;background-position: 0 0 !important;background-repeat: repeat !important;border-top-color: #eeeeee !important;border-top-style: solid !important;border-bottom-color: #eeeeee !important;border-bottom-style: solid !important;}&#8221; el_id=&#8221;menu&#8221; el_class=&#8221;menu-row&#8221;][vc_column css=&#8221;.vc_custom_1504178186798{padding-top: 0px !important;}&#8221;][lab_heading title_tag=&#8221;H1&#8243; title=&#8221;\u00dcber Uns&#8221; el_class=&#8221;restaurant-menu&#8221; css=&#8221;.vc_custom_1564590925036{margin-bottom: -15px !important;}&#8221;][\/lab_heading][vc_single_image image=&#8221;665&#8243; img_size=&#8221;full&#8221; el_class=&#8221;title-divider centered&#8221;][\/vc_column][\/vc_row][vc_row][vc_column][vc_empty_space][\/vc_column][\/vc_row][vc_row][vc_column width=&#8221;1\/2&#8243;][vc_column_text]In dem Centrum von Pilisv\u00f6r\u00f6sv\u00e1r erwarten wir herzlich unsere Liebe G\u00e4ste in unserem&hellip;<\/p>\n","protected":false},"author":1,"featured_media":0,"parent":0,"menu_order":0,"comment_status":"closed","ping_status":"closed","template":"","meta":{"footnotes":""},"class_list":["post-5473","page","type-page","status-publish","hentry"],"_links":{"self":[{"href":"https:\/\/www.fetteretterem.hu\/index.php?rest_route=\/wp\/v2\/pages\/5473","targetHints":{"allow":["GET"]}}],"collection":[{"href":"https:\/\/www.fetteretterem.hu\/index.php?rest_route=\/wp\/v2\/pages"}],"about":[{"href":"https:\/\/www.fetteretterem.hu\/index.php?rest_route=\/wp\/v2\/types\/page"}],"author":[{"embeddable":true,"href":"https:\/\/www.fetteretterem.hu\/index.php?rest_route=\/wp\/v2\/users\/1"}],"replies":[{"embeddable":true,"href":"https:\/\/www.fetteretterem.hu\/index.php?rest_route=%2Fwp%2Fv2%2Fcomments&post=5473"}],"version-history":[{"count":1,"href":"https:\/\/www.fetteretterem.hu\/index.php?rest_route=\/wp\/v2\/pages\/5473\/revisions"}],"predecessor-version":[{"id":5474,"href":"https:\/\/www.fetteretterem.hu\/index.php?rest_route=\/wp\/v2\/pages\/5473\/revisions\/5474"}],"wp:attachment":[{"href":"https:\/\/www.fetteretterem.hu\/index.php?rest_route=%2Fwp%2Fv2%2Fmedia&parent=5473"}],"curies":[{"name":"wp","href":"https:\/\/api.w.org\/{rel}","templated":true}]}}