{"id":5506,"date":"2019-08-01T15:26:29","date_gmt":"2019-08-01T15:26:29","guid":{"rendered":"https:\/\/www.fetteretterem.hu\/?page_id=5506"},"modified":"2026-02-15T17:39:53","modified_gmt":"2026-02-15T17:39:53","slug":"nyitvatartas","status":"publish","type":"page","link":"https:\/\/www.fetteretterem.hu\/?page_id=5506","title":{"rendered":"Szezon\u00e1lis aj\u00e1nlataink"},"content":{"rendered":"<p>[vc_row full_width=&#8221;stretch_row&#8221; css=&#8221;.vc_custom_1563209712661{border-top-width: 1px !important;border-bottom-width: 1px !important;padding-top: 25px !important;padding-bottom: 0px !important;background-image: url(https:\/\/www.fetteretterem.hu\/wp-content\/uploads\/2017\/07\/topography.png?id=115) !important;background-position: 0 0 !important;background-repeat: repeat !important;border-top-color: #eeeeee !important;border-top-style: solid !important;border-bottom-color: #eeeeee !important;border-bottom-style: solid !important;}&#8221; el_id=&#8221;menu&#8221; el_class=&#8221;menu-row&#8221;][vc_column css=&#8221;.vc_custom_1504178186798{padding-top: 0px !important;}&#8221;][lab_heading title_tag=&#8221;H1&#8243; title=&#8221;Kar\u00e1csonyi hal\u00e1szl\u00e9&#8221; el_class=&#8221;restaurant-menu&#8221; css=&#8221;.vc_custom_1765213726099{margin-bottom: -15px !important;}&#8221;][\/lab_heading][vc_single_image image=&#8221;665&#8243; img_size=&#8221;full&#8221; el_class=&#8221;title-divider centered&#8221;][\/vc_column][\/vc_row][vc_row full_width=&#8221;stretch_row&#8221; css=&#8221;.vc_custom_1563209953084{border-top-width: 1px !important;border-bottom-width: 1px !important;padding-bottom: 30px !important;background-position: 0 0 !important;background-repeat: repeat !important;border-top-color: #eeeeee !important;border-top-style: solid !important;border-bottom-color: #eeeeee !important;border-bottom-style: solid !important;}&#8221; el_id=&#8221;menu&#8221; el_class=&#8221;menu-row&#8221;][vc_column css=&#8221;.vc_custom_1504178186798{padding-top: 0px !important;}&#8221;][vc_tta_tabs style=&#8221;theme-styled-minimal&#8221; alignment=&#8221;center&#8221; active_section=&#8221;1&#8243; el_class=&#8221;restaurant-menu&#8221;][vc_tta_section title=&#8221;Szezon\u00e1lis aj\u00e1nlatunk&#8221; tab_id=&#8221;breakfastb63d-7d8ba51a-902a&#8221;][vc_row_inner el_class=&#8221;menu-catalog&#8221;][vc_column_inner][vc_column_text][\/vc_column_text][\/vc_column_inner][\/vc_row_inner][\/vc_tta_section][\/vc_tta_tabs][vc_column_text]<\/p>\n<p style=\"text-align: center;\"><strong>Allerg\u00e9n jelmagyar\u00e1zat<\/strong><\/p>\n<p style=\"text-align: center;\"><img loading=\"lazy\" decoding=\"async\" class=\"alignnone size-full wp-image-5370\" src=\"https:\/\/www.fetteretterem.hu\/wp-content\/uploads\/2019\/07\/lactose-intolerant-1.png\" alt=\"\" width=\"16\" height=\"16\" \/> lakt\u00f3z\u00a0 |\u00a0 <img loading=\"lazy\" decoding=\"async\" class=\"alignnone size-full wp-image-5372\" src=\"https:\/\/www.fetteretterem.hu\/wp-content\/uploads\/2019\/07\/gluten.png\" alt=\"\" width=\"16\" height=\"16\" \/> glut\u00e9n\u00a0 |\u00a0 <img loading=\"lazy\" decoding=\"async\" class=\"alignnone size-full wp-image-5375\" src=\"https:\/\/www.fetteretterem.hu\/wp-content\/uploads\/2019\/07\/egg.png\" alt=\"\" width=\"16\" height=\"16\" \/> toj\u00e1s<\/p>\n<p style=\"text-align: center;\"><img loading=\"lazy\" decoding=\"async\" class=\"alignnone size-full wp-image-5376\" src=\"https:\/\/www.fetteretterem.hu\/wp-content\/uploads\/2019\/07\/zeller.png\" alt=\"\" width=\"16\" height=\"16\" \/> zeller\u00a0 |\u00a0 <img loading=\"lazy\" decoding=\"async\" class=\"alignnone size-full wp-image-5377\" src=\"https:\/\/www.fetteretterem.hu\/wp-content\/uploads\/2019\/07\/mustard.png\" alt=\"\" width=\"16\" height=\"16\" \/> must\u00e1r\u00a0 |\u00a0 <img loading=\"lazy\" decoding=\"async\" class=\"alignnone size-full wp-image-5382\" src=\"https:\/\/www.fetteretterem.hu\/wp-content\/uploads\/2019\/07\/dio.png\" alt=\"\" width=\"16\" height=\"16\" \/> di\u00f3<\/p>\n<p style=\"text-align: center;\"><em>F\u00e9l adag rendel\u00e9se eset\u00e9n az \u00e9tel \u00e1r\u00e1nak 70%-a ker\u00fcl felsz\u00e1m\u00edt\u00e1sra.<\/em><\/p>\n<p>[\/vc_column_text][\/vc_column][\/vc_row]<\/p>\n","protected":false},"excerpt":{"rendered":"<p>[vc_row full_width=&#8221;stretch_row&#8221; css=&#8221;.vc_custom_1563209712661{border-top-width: 1px !important;border-bottom-width: 1px !important;padding-top: 25px !important;padding-bottom: 0px !important;background-image: url(https:\/\/www.fetteretterem.hu\/wp-content\/uploads\/2017\/07\/topography.png?id=115) !important;background-position: 0 0 !important;background-repeat: repeat !important;border-top-color: #eeeeee !important;border-top-style: solid !important;border-bottom-color: #eeeeee !important;border-bottom-style: solid !important;}&#8221; el_id=&#8221;menu&#8221; el_class=&#8221;menu-row&#8221;][vc_column css=&#8221;.vc_custom_1504178186798{padding-top: 0px !important;}&#8221;][lab_heading title_tag=&#8221;H1&#8243; title=&#8221;Kar\u00e1csonyi hal\u00e1szl\u00e9&#8221; el_class=&#8221;restaurant-menu&#8221; css=&#8221;.vc_custom_1765213726099{margin-bottom: -15px !important;}&#8221;][\/lab_heading][vc_single_image image=&#8221;665&#8243; img_size=&#8221;full&#8221; el_class=&#8221;title-divider centered&#8221;][\/vc_column][\/vc_row][vc_row full_width=&#8221;stretch_row&#8221; css=&#8221;.vc_custom_1563209953084{border-top-width: 1px !important;border-bottom-width: 1px !important;padding-bottom: 30px !important;background-position: 0 0 !important;background-repeat: repeat !important;border-top-color:&hellip;<\/p>\n","protected":false},"author":1,"featured_media":0,"parent":0,"menu_order":0,"comment_status":"closed","ping_status":"closed","template":"","meta":{"footnotes":""},"class_list":["post-5506","page","type-page","status-publish","hentry"],"_links":{"self":[{"href":"https:\/\/www.fetteretterem.hu\/index.php?rest_route=\/wp\/v2\/pages\/5506","targetHints":{"allow":["GET"]}}],"collection":[{"href":"https:\/\/www.fetteretterem.hu\/index.php?rest_route=\/wp\/v2\/pages"}],"about":[{"href":"https:\/\/www.fetteretterem.hu\/index.php?rest_route=\/wp\/v2\/types\/page"}],"author":[{"embeddable":true,"href":"https:\/\/www.fetteretterem.hu\/index.php?rest_route=\/wp\/v2\/users\/1"}],"replies":[{"embeddable":true,"href":"https:\/\/www.fetteretterem.hu\/index.php?rest_route=%2Fwp%2Fv2%2Fcomments&post=5506"}],"version-history":[{"count":143,"href":"https:\/\/www.fetteretterem.hu\/index.php?rest_route=\/wp\/v2\/pages\/5506\/revisions"}],"predecessor-version":[{"id":6735,"href":"https:\/\/www.fetteretterem.hu\/index.php?rest_route=\/wp\/v2\/pages\/5506\/revisions\/6735"}],"wp:attachment":[{"href":"https:\/\/www.fetteretterem.hu\/index.php?rest_route=%2Fwp%2Fv2%2Fmedia&parent=5506"}],"curies":[{"name":"wp","href":"https:\/\/api.w.org\/{rel}","templated":true}]}}